{"id":25,"date":"2019-08-19T07:02:35","date_gmt":"2019-08-19T07:02:35","guid":{"rendered":"https:\/\/knitopiawool.com\/?page_id=25"},"modified":"2019-08-19T07:02:58","modified_gmt":"2019-08-19T07:02:58","slug":"aus-fairalpaka-wird-jetzt-hansa-farm","status":"publish","type":"page","link":"https:\/\/www.knitopiawool.com\/","title":{"rendered":"Aus Fairalpaka wird jetzt Hansa-Farm!"},"content":{"rendered":"<p><strong>Wer auch nur ein Mal in das liebensw\u00fcrdige Gesicht eines Alpakas geblickt hat, w\u00fcnscht diesen Gesch\u00f6pfen automatisch das Beste auf Lebenszeit. Doch sind es nicht nur die gro\u00dfen, dunklen Augen der beliebten Kamelart, die sie so sympathisch machen \u2013 aufgrund ihres sanftm\u00fctigen Wesens werden Alpakas zum Teil auch f\u00fcr Therapien eingesetzt. <\/strong><strong>Das sind nur einige Gr\u00fcnde, weshalb die Tiere eine faire Behandlung verdienen. Das wussten auch Sven und Carla, als sie ihr Projekt im Jahre 2012 fairalpaka nannten: Seitdem vertreiben sie hochwertige Alpakawolle, die unmittelbar vom Produzenten in Peru kommt.<\/strong><\/p>\n<h2>Fairalpaka wird zu Hansa-Farm: Wie das Angebot den Namen bestimmte<\/h2>\n<p><img loading=\"lazy\" decoding=\"async\" class=\"alignleft size-medium wp-image-16\" src=\"https:\/\/www.knitopiawool.com\/wp-content\/uploads\/2019\/08\/alpaca-985158_960_720-300x236.jpg\" alt=\"\" width=\"300\" height=\"236\" srcset=\"https:\/\/www.knitopiawool.com\/wp-content\/uploads\/2019\/08\/alpaca-985158_960_720-300x236.jpg 300w, https:\/\/www.knitopiawool.com\/wp-content\/uploads\/2019\/08\/alpaca-985158_960_720-768x604.jpg 768w, https:\/\/www.knitopiawool.com\/wp-content\/uploads\/2019\/08\/alpaca-985158_960_720.jpg 916w\" sizes=\"auto, (max-width: 300px) 100vw, 300px\" \/><\/p>\n<p>Ihre gro\u00dfe Fangemeinschaft freut sich jedoch nicht nur \u00fcber faire Wolle, sondern auch faire Preis \u2013 dank ihres ausgekl\u00fcgelten Gesch\u00e4ftskonzepts k\u00f6nnen Sven und Carla ihre Produkte besonders g\u00fcnstig anbieten. Doch wuchs mit den Jahren nicht nur ihre Beliebtheit, sondern auch das Produktsortiment. Neben Alpakawolle fasst das Angebot mittlerweile auch Kaschmirwolle, Merinowolle, Mohairwolle und Baumwolle.<\/p>\n<p>So musste sich, aus Fairness gegen\u00fcber allen anderen Produkten, auch der Name des Unternehmens \u00e4ndern: fairalpaka hei\u00dft seit Juni 2019 Hansa-Farm!<br \/>\nNach reiflicher \u00dcberlegung w\u00e4hlten Sven und Carla einen neuen Fokus, der nun auch durch den Firmennamen transportiert wird: Die N\u00e4he zu den kooperierenden Farmen in Peru findet jetzt eine besondere Betonung. Fast ohne Umwege gelangt die Wolle zum Kunden. Das schafft nicht nur Vertrauen, sondern sorgt auch f\u00fcr einen unschlagbaren Preis.<\/p>\n<h3>Neuer Name, alte Werte: Hansa-Farm bleibt fair<\/h3>\n<p>Keine Sorge, nat\u00fcrlich verschwindet \u201efairalpaka\u201c nur als Firmenname. Dass auch Hansa-Farm weiterhin fair bleibt und die beliebte Alpakawolle im Sortiment beh\u00e4lt, steht fest. Doch soll auch der neue Name die Werte des Projekts repr\u00e4sentieren: Hansa, die lateinisierte Form des Wortes Hanse, bezeichnete vor Jahrhunderten Zusammenschl\u00fcsse niederdeutscher Kaufleute. Der traditionelle Begriff weckt Assoziationen der Gemeinschaft, Verl\u00e4sslichkeit und Sicherheit. Werte, die nat\u00fcrlich auch bei der Hansa-Farm im Fokus stehen. Auch die weiteren Grunds\u00e4tze der Hanseleute haben f\u00fcr Sven und Carla eine gro\u00dfe Bedeutung: Die sichere \u00dcberfahrt ins Ausland sowie die dortige Vertretung der politischen, wirtschaftlichen und kulturellen Werte. Hansa-Farm ist mehr als ein Unternehmen und diese Ambition findet sich auch im neuen Namen wieder.<\/p>\n","protected":false},"excerpt":{"rendered":"<p>Wer auch nur ein Mal in das liebensw\u00fcrdige Gesicht eines Alpakas geblickt hat, w\u00fcnscht diesen Gesch\u00f6pfen automatisch das Beste auf<\/p>\n","protected":false},"author":1,"featured_media":0,"parent":0,"menu_order":0,"comment_status":"closed","ping_status":"closed","template":"templates\/template-fullwidth.php","meta":{"footnotes":""},"class_list":["post-25","page","type-page","status-publish","hentry","comments-off"],"yoast_head":"<!-- This site is optimized with the Yoast SEO plugin v27.3 - https:\/\/yoast.com\/product\/yoast-seo-wordpress\/ -->\n<title>Aus Fairalpaka wird jetzt Hansa-Farm! - Knitopiawool<\/title>\n<meta name=\"robots\" content=\"index, follow, max-snippet:-1, max-image-preview:large, max-video-preview:-1\" \/>\n<link rel=\"canonical\" href=\"https:\/\/www.knitopiawool.com\/\" \/>\n<meta property=\"og:locale\" content=\"de_DE\" \/>\n<meta property=\"og:type\" content=\"article\" \/>\n<meta property=\"og:title\" content=\"Aus Fairalpaka wird jetzt Hansa-Farm! - Knitopiawool\" \/>\n<meta property=\"og:description\" content=\"Wer auch nur ein Mal in das liebensw\u00fcrdige Gesicht eines Alpakas geblickt hat, w\u00fcnscht diesen Gesch\u00f6pfen automatisch das Beste auf\" \/>\n<meta property=\"og:url\" content=\"https:\/\/www.knitopiawool.com\/\" \/>\n<meta property=\"og:site_name\" content=\"Knitopiawool\" \/>\n<meta property=\"article:modified_time\" content=\"2019-08-19T07:02:58+00:00\" \/>\n<meta property=\"og:image\" content=\"https:\/\/www.knitopiawool.com\/wp-content\/uploads\/2019\/08\/alpaca-985158_960_720-300x236.jpg\" \/>\n<meta name=\"twitter:card\" content=\"summary_large_image\" \/>\n<meta name=\"twitter:label1\" content=\"Gesch\u00e4tzte Lesezeit\" \/>\n\t<meta name=\"twitter:data1\" content=\"2\u00a0Minuten\" \/>\n<script type=\"application\/ld+json\" class=\"yoast-schema-graph\">{\"@context\":\"https:\\\/\\\/schema.org\",\"@graph\":[{\"@type\":\"WebPage\",\"@id\":\"https:\\\/\\\/www.knitopiawool.com\\\/\",\"url\":\"https:\\\/\\\/www.knitopiawool.com\\\/\",\"name\":\"Aus Fairalpaka wird jetzt Hansa-Farm! - Knitopiawool\",\"isPartOf\":{\"@id\":\"https:\\\/\\\/www.knitopiawool.com\\\/#website\"},\"primaryImageOfPage\":{\"@id\":\"https:\\\/\\\/www.knitopiawool.com\\\/#primaryimage\"},\"image\":{\"@id\":\"https:\\\/\\\/www.knitopiawool.com\\\/#primaryimage\"},\"thumbnailUrl\":\"https:\\\/\\\/www.knitopiawool.com\\\/wp-content\\\/uploads\\\/2019\\\/08\\\/alpaca-985158_960_720-300x236.jpg\",\"datePublished\":\"2019-08-19T07:02:35+00:00\",\"dateModified\":\"2019-08-19T07:02:58+00:00\",\"breadcrumb\":{\"@id\":\"https:\\\/\\\/www.knitopiawool.com\\\/#breadcrumb\"},\"inLanguage\":\"de\",\"potentialAction\":[{\"@type\":\"ReadAction\",\"target\":[\"https:\\\/\\\/www.knitopiawool.com\\\/\"]}]},{\"@type\":\"ImageObject\",\"inLanguage\":\"de\",\"@id\":\"https:\\\/\\\/www.knitopiawool.com\\\/#primaryimage\",\"url\":\"https:\\\/\\\/www.knitopiawool.com\\\/wp-content\\\/uploads\\\/2019\\\/08\\\/alpaca-985158_960_720.jpg\",\"contentUrl\":\"https:\\\/\\\/www.knitopiawool.com\\\/wp-content\\\/uploads\\\/2019\\\/08\\\/alpaca-985158_960_720.jpg\",\"width\":916,\"height\":720},{\"@type\":\"BreadcrumbList\",\"@id\":\"https:\\\/\\\/www.knitopiawool.com\\\/#breadcrumb\",\"itemListElement\":[{\"@type\":\"ListItem\",\"position\":1,\"name\":\"Startseite\",\"item\":\"https:\\\/\\\/www.knitopiawool.com\\\/\"},{\"@type\":\"ListItem\",\"position\":2,\"name\":\"Aus Fairalpaka wird jetzt Hansa-Farm!\"}]},{\"@type\":\"WebSite\",\"@id\":\"https:\\\/\\\/www.knitopiawool.com\\\/#website\",\"url\":\"https:\\\/\\\/www.knitopiawool.com\\\/\",\"name\":\"Knitopiawool\",\"description\":\"Die wundervolle Welt der Wolle\",\"potentialAction\":[{\"@type\":\"SearchAction\",\"target\":{\"@type\":\"EntryPoint\",\"urlTemplate\":\"https:\\\/\\\/www.knitopiawool.com\\\/?s={search_term_string}\"},\"query-input\":{\"@type\":\"PropertyValueSpecification\",\"valueRequired\":true,\"valueName\":\"search_term_string\"}}],\"inLanguage\":\"de\"}]}<\/script>\n<!-- \/ Yoast SEO plugin. -->","yoast_head_json":{"title":"Aus Fairalpaka wird jetzt Hansa-Farm! - Knitopiawool","robots":{"index":"index","follow":"follow","max-snippet":"max-snippet:-1","max-image-preview":"max-image-preview:large","max-video-preview":"max-video-preview:-1"},"canonical":"https:\/\/www.knitopiawool.com\/","og_locale":"de_DE","og_type":"article","og_title":"Aus Fairalpaka wird jetzt Hansa-Farm! - Knitopiawool","og_description":"Wer auch nur ein Mal in das liebensw\u00fcrdige Gesicht eines Alpakas geblickt hat, w\u00fcnscht diesen Gesch\u00f6pfen automatisch das Beste auf","og_url":"https:\/\/www.knitopiawool.com\/","og_site_name":"Knitopiawool","article_modified_time":"2019-08-19T07:02:58+00:00","og_image":[{"url":"https:\/\/www.knitopiawool.com\/wp-content\/uploads\/2019\/08\/alpaca-985158_960_720-300x236.jpg","type":"","width":"","height":""}],"twitter_card":"summary_large_image","twitter_misc":{"Gesch\u00e4tzte Lesezeit":"2\u00a0Minuten"},"schema":{"@context":"https:\/\/schema.org","@graph":[{"@type":"WebPage","@id":"https:\/\/www.knitopiawool.com\/","url":"https:\/\/www.knitopiawool.com\/","name":"Aus Fairalpaka wird jetzt Hansa-Farm! - Knitopiawool","isPartOf":{"@id":"https:\/\/www.knitopiawool.com\/#website"},"primaryImageOfPage":{"@id":"https:\/\/www.knitopiawool.com\/#primaryimage"},"image":{"@id":"https:\/\/www.knitopiawool.com\/#primaryimage"},"thumbnailUrl":"https:\/\/www.knitopiawool.com\/wp-content\/uploads\/2019\/08\/alpaca-985158_960_720-300x236.jpg","datePublished":"2019-08-19T07:02:35+00:00","dateModified":"2019-08-19T07:02:58+00:00","breadcrumb":{"@id":"https:\/\/www.knitopiawool.com\/#breadcrumb"},"inLanguage":"de","potentialAction":[{"@type":"ReadAction","target":["https:\/\/www.knitopiawool.com\/"]}]},{"@type":"ImageObject","inLanguage":"de","@id":"https:\/\/www.knitopiawool.com\/#primaryimage","url":"https:\/\/www.knitopiawool.com\/wp-content\/uploads\/2019\/08\/alpaca-985158_960_720.jpg","contentUrl":"https:\/\/www.knitopiawool.com\/wp-content\/uploads\/2019\/08\/alpaca-985158_960_720.jpg","width":916,"height":720},{"@type":"BreadcrumbList","@id":"https:\/\/www.knitopiawool.com\/#breadcrumb","itemListElement":[{"@type":"ListItem","position":1,"name":"Startseite","item":"https:\/\/www.knitopiawool.com\/"},{"@type":"ListItem","position":2,"name":"Aus Fairalpaka wird jetzt Hansa-Farm!"}]},{"@type":"WebSite","@id":"https:\/\/www.knitopiawool.com\/#website","url":"https:\/\/www.knitopiawool.com\/","name":"Knitopiawool","description":"Die wundervolle Welt der Wolle","potentialAction":[{"@type":"SearchAction","target":{"@type":"EntryPoint","urlTemplate":"https:\/\/www.knitopiawool.com\/?s={search_term_string}"},"query-input":{"@type":"PropertyValueSpecification","valueRequired":true,"valueName":"search_term_string"}}],"inLanguage":"de"}]}},"_links":{"self":[{"href":"https:\/\/www.knitopiawool.com\/index.php?rest_route=\/wp\/v2\/pages\/25","targetHints":{"allow":["GET"]}}],"collection":[{"href":"https:\/\/www.knitopiawool.com\/index.php?rest_route=\/wp\/v2\/pages"}],"about":[{"href":"https:\/\/www.knitopiawool.com\/index.php?rest_route=\/wp\/v2\/types\/page"}],"author":[{"embeddable":true,"href":"https:\/\/www.knitopiawool.com\/index.php?rest_route=\/wp\/v2\/users\/1"}],"replies":[{"embeddable":true,"href":"https:\/\/www.knitopiawool.com\/index.php?rest_route=%2Fwp%2Fv2%2Fcomments&post=25"}],"version-history":[{"count":2,"href":"https:\/\/www.knitopiawool.com\/index.php?rest_route=\/wp\/v2\/pages\/25\/revisions"}],"predecessor-version":[{"id":27,"href":"https:\/\/www.knitopiawool.com\/index.php?rest_route=\/wp\/v2\/pages\/25\/revisions\/27"}],"wp:attachment":[{"href":"https:\/\/www.knitopiawool.com\/index.php?rest_route=%2Fwp%2Fv2%2Fmedia&parent=25"}],"curies":[{"name":"wp","href":"https:\/\/api.w.org\/{rel}","templated":true}]}}